{"id":2613,"date":"2023-10-30T13:48:10","date_gmt":"2023-10-30T12:48:10","guid":{"rendered":"https:\/\/pestbudahotel.com\/gallery\/"},"modified":"2024-11-27T16:31:54","modified_gmt":"2024-11-27T15:31:54","slug":"galeria","status":"publish","type":"page","link":"https:\/\/pestbudahotel.com\/hu\/galeria\/","title":{"rendered":"Gal\u00e9ria"},"content":{"rendered":"<p>[et_pb_section fb_built=&#8221;1&#8243; admin_label=&#8221;K\u00e9tcell\u00e1s &#8211; TOP&#8221; module_class=&#8221;hi-pictext&#8221; _builder_version=&#8221;4.16&#8243; _module_preset=&#8221;default&#8221; custom_padding=&#8221;0px|0px||0px|false|false&#8221; collapsed=&#8221;off&#8221; global_colors_info=&#8221;{}&#8221;][et_pb_row column_structure=&#8221;1_2,1_2&#8243; make_equal=&#8221;on&#8221; _builder_version=&#8221;4.16&#8243; _module_preset=&#8221;default&#8221; background_enable_image=&#8221;off&#8221; custom_margin=&#8221;0px|0px|0px|0px|false|false&#8221; custom_padding=&#8221;0px|0px|0px|0px|false|false&#8221; global_colors_info=&#8221;{}&#8221;][et_pb_column type=&#8221;1_2&#8243; _builder_version=&#8221;4.22.2&#8243; _module_preset=&#8221;default&#8221; global_colors_info=&#8221;{}&#8221;][et_pb_slider module_class=&#8221;hi-lapozo&#8221; _builder_version=&#8221;4.16&#8243; _module_preset=&#8221;default&#8221; hover_transition_duration=&#8221;0ms&#8221; hover_transition_speed_curve=&#8221;linear&#8221; saved_tabs=&#8221;all&#8221; global_colors_info=&#8221;{}&#8221;][et_pb_slide image=&#8221;https:\/\/pestbudahotel.com\/wp-content\/uploads\/2024\/10\/design-hotel-budapest-3-scaled.jpg&#8221; admin_title=&#8221;Facade&#8221; _builder_version=&#8221;4.16&#8243; _module_preset=&#8221;default&#8221; background_color=&#8221;#fefefe&#8221; background_enable_color=&#8221;on&#8221; background_image=&#8221;https:\/\/pestbudahotel.com\/wp-content\/uploads\/2024\/08\/slide-Facade.jpg&#8221; background_enable_image=&#8221;on&#8221; global_colors_info=&#8221;{}&#8221; sticky_transition=&#8221;on&#8221;][\/et_pb_slide][\/et_pb_slider][\/et_pb_column][et_pb_column type=&#8221;1_2&#8243; _builder_version=&#8221;4.22.2&#8243; _module_preset=&#8221;default&#8221; global_colors_info=&#8221;{}&#8221;][et_pb_text module_class=&#8221;hi-maintext hi-strait-center hi-imgholder-module&#8221; _builder_version=&#8221;4.16&#8243; _module_preset=&#8221;default&#8221; text_font=&#8221;||||||||&#8221; header_font=&#8221;||||||||&#8221; header_2_font=&#8221;pestbuda Century725_PFL||||||||&#8221; header_2_text_color=&#8221;#b21917&#8243; header_2_font_size=&#8221;90px&#8221; header_3_font=&#8221;pestbuda Avenir Light|600|||||||&#8221; header_3_text_color=&#8221;#361c1c&#8221; header_3_font_size=&#8221;28px&#8221; background_enable_image=&#8221;off&#8221; custom_padding=&#8221;40px||||false|false&#8221; global_colors_info=&#8221;{}&#8221;]<\/p>\n<p class=\"hi-imgholder\"><img loading=\"lazy\" decoding=\"async\" class=\"wp-image-1318 alignnone size-full aligncenter\" src=\"https:\/\/pestbudahotel.com\/wp-content\/uploads\/2024\/08\/Pest-Buda-full-logo.png\" alt=\"\" width=\"271\" height=\"236\" \/><\/p>\n<p><img loading=\"lazy\" decoding=\"async\" class=\"wp-image-1320 size-medium aligncenter\" src=\"https:\/\/pestbudahotel.com\/wp-content\/uploads\/2024\/08\/cirada-300x20.png\" alt=\"\" width=\"300\" height=\"20\" srcset=\"https:\/\/pestbudahotel.com\/wp-content\/uploads\/2024\/08\/cirada-300x20.png 300w, https:\/\/pestbudahotel.com\/wp-content\/uploads\/2024\/08\/cirada.png 322w\" sizes=\"(max-width: 300px) 100vw, 300px\" \/><\/p>\n<h2 style=\"text-align: center;\">GALLERY<\/h2>\n<h3 style=\"text-align: center;\">GRANDMA&#8217;S HOME-STYLE HUNGARIAN KITCHEN, USING THE BEST INGREDIENTS, WITH LOVE AND CARE. PEST-BUDA IS ONE OF THE OLDEST RESTAURANTS IN HUNGARY.<\/h3>\n<p>[\/et_pb_text][\/et_pb_column][\/et_pb_row][\/et_pb_section][et_pb_section fb_built=&#8221;1&#8243; admin_label=&#8221;THIRD-MENU&#8221; module_class=&#8221;hi-thirdmenu&#8221; _builder_version=&#8221;4.16&#8243; _module_preset=&#8221;default&#8221; collapsed=&#8221;off&#8221; global_colors_info=&#8221;{}&#8221;][et_pb_row _builder_version=&#8221;4.22.2&#8243; _module_preset=&#8221;default&#8221; collapsed=&#8221;off&#8221; global_colors_info=&#8221;{}&#8221;][et_pb_column type=&#8221;4_4&#8243; _builder_version=&#8221;4.22.2&#8243; _module_preset=&#8221;default&#8221; global_colors_info=&#8221;{}&#8221;][et_pb_text admin_label=&#8221;Pest-Buda Life | Rooms | Suites | Dining | Video&#8221; _builder_version=&#8221;4.16&#8243; _module_preset=&#8221;default&#8221; text_font=&#8221;pestbuda Century725_PFL|||on|||||&#8221; text_text_color=&#8221;#361c1c&#8221; text_font_size=&#8221;50px&#8221; global_colors_info=&#8221;{}&#8221;]<\/p>\n<ul>\n<li><a href=\"#\">Pest-Buda Life<\/a><\/li>\n<li><a href=\"#\">Rooms<\/a><\/li>\n<li><a href=\"#\">Suites<\/a><\/li>\n<li><a href=\"#\">Dining<\/a><\/li>\n<li><a href=\"#\">Video<\/a><\/li>\n<\/ul>\n<p>[\/et_pb_text][\/et_pb_column][\/et_pb_row][\/et_pb_section][et_pb_section fb_built=&#8221;1&#8243; admin_label=&#8221;Csemp\u00e9s k\u00e9plista&#8221; module_class=&#8221;hi-mlist-holder&#8221; _builder_version=&#8221;4.22.2&#8243; _module_preset=&#8221;default&#8221; collapsed=&#8221;off&#8221; global_colors_info=&#8221;{}&#8221;][et_pb_row _builder_version=&#8221;4.22.2&#8243; _module_preset=&#8221;default&#8221; global_colors_info=&#8221;{}&#8221;][et_pb_column type=&#8221;4_4&#8243; _builder_version=&#8221;4.22.2&#8243; _module_preset=&#8221;default&#8221; global_colors_info=&#8221;{}&#8221;][et_pb_gallery gallery_ids=&#8221;2418,2389,2398,2404,2437,2481,2479,2193,2212,2210&#8243; posts_number=&#8221;999&#8243; show_title_and_caption=&#8221;off&#8221; admin_label=&#8221;Gal\u00e9ria: Pest-Buda life&#8221; module_id=&#8221;gallery-pestbuda&#8221; module_class=&#8221;hi-mlist&#8221; _builder_version=&#8221;4.16&#8243; _module_preset=&#8221;default&#8221; custom_margin=&#8221;0px|0px|0px|0px|false|false&#8221; global_colors_info=&#8221;{}&#8221;][\/et_pb_gallery][et_pb_gallery gallery_ids=&#8221;2509,2506,2500,2498,2496,2437,2441,2488,2425,2431,2423&#8243; posts_number=&#8221;999&#8243; show_title_and_caption=&#8221;off&#8221; admin_label=&#8221;Gal\u00e9ria: Rooms&#8221; module_id=&#8221;gallery-rooms&#8221; module_class=&#8221;hi-mlist&#8221; _builder_version=&#8221;4.16&#8243; _module_preset=&#8221;default&#8221; custom_margin=&#8221;0px|0px|0px|0px|false|false&#8221; global_colors_info=&#8221;{}&#8221;][\/et_pb_gallery][et_pb_gallery gallery_ids=&#8221;2445,2443,2437,2435,2429,2402,2408&#8243; posts_number=&#8221;999&#8243; show_title_and_caption=&#8221;off&#8221; admin_label=&#8221;Gal\u00e9ria: Suites&#8221; module_id=&#8221;gallery-suites&#8221; module_class=&#8221;hi-mlist&#8221; _builder_version=&#8221;4.16&#8243; _module_preset=&#8221;default&#8221; custom_margin=&#8221;0px|0px|0px|0px|false|false&#8221; global_colors_info=&#8221;{}&#8221;][\/et_pb_gallery][et_pb_gallery gallery_ids=&#8221;2394,2389,2383,2380,2220,2212,2233,2231,2206&#8243; posts_number=&#8221;999&#8243; show_title_and_caption=&#8221;off&#8221; admin_label=&#8221;Gal\u00e9ria: Dining&#8221; module_id=&#8221;gallery-dining&#8221; module_class=&#8221;hi-mlist&#8221; _builder_version=&#8221;4.16&#8243; _module_preset=&#8221;default&#8221; custom_margin=&#8221;0px|0px|0px|0px|false|false&#8221; global_colors_info=&#8221;{}&#8221;][\/et_pb_gallery][et_pb_gallery posts_number=&#8221;999&#8243; show_title_and_caption=&#8221;off&#8221; admin_label=&#8221;Gal\u00e9ria: Video&#8221; module_id=&#8221;gallery-video&#8221; module_class=&#8221;hi-mlist&#8221; _builder_version=&#8221;4.16&#8243; _module_preset=&#8221;default&#8221; custom_margin=&#8221;0px|0px|0px|0px|false|false&#8221; global_colors_info=&#8221;{}&#8221;][\/et_pb_gallery][et_pb_button button_url=&#8221;#&#8221; button_text=&#8221;Load more&#8221; disabled_on=&#8221;on|on|on&#8221; module_class=&#8221;hi-button hi-button-noarrow&#8221; _builder_version=&#8221;4.22.2&#8243; _module_preset=&#8221;default&#8221; disabled=&#8221;on&#8221; global_colors_info=&#8221;{}&#8221;][\/et_pb_button][\/et_pb_column][\/et_pb_row][\/et_pb_section][et_pb_section fb_built=&#8221;1&#8243; admin_label=&#8221;STAY WITH US&#8221; module_class=&#8221;hi-sixbox hi-staywithus&#8221; _builder_version=&#8221;4.16&#8243; _module_preset=&#8221;default&#8221; background_image=&#8221;https:\/\/pestbudahotel.com\/wp-content\/uploads\/2024\/09\/background-chainbridge-anno-1.png&#8221; background_position=&#8221;top_center&#8221; saved_tabs=&#8221;all&#8221; collapsed=&#8221;off&#8221; global_colors_info=&#8221;{}&#8221;][et_pb_row admin_label=&#8221;hi-sixboxtop&#8221; module_class=&#8221;hi-sixboxtop&#8221; _builder_version=&#8221;4.22.2&#8243; _module_preset=&#8221;default&#8221; collapsed=&#8221;off&#8221; global_colors_info=&#8221;{}&#8221;][et_pb_column type=&#8221;4_4&#8243; _builder_version=&#8221;4.22.2&#8243; _module_preset=&#8221;default&#8221; global_colors_info=&#8221;{}&#8221;][et_pb_text admin_label=&#8221;Title&#8221; module_class=&#8221;hi-sixbox-title&#8221; _builder_version=&#8221;4.16&#8243; _module_preset=&#8221;default&#8221; text_font=&#8221;||||||||&#8221; header_2_font=&#8221;pestbuda Century725_PFL|||on|||||&#8221; header_2_text_color=&#8221;#b21917&#8243; header_2_font_size=&#8221;80px&#8221; global_colors_info=&#8221;{}&#8221;]<\/p>\n<h2>Stay with us<\/h2>\n<p>[\/et_pb_text][et_pb_button button_url=&#8221;\/news\/&#8221; button_text=&#8221;News&#8221; admin_label=&#8221;Button&#8221; module_class=&#8221;hi-button hi-news-button&#8221; _builder_version=&#8221;4.27.3&#8243; _module_preset=&#8221;default&#8221; custom_button=&#8221;on&#8221; button_font=&#8221;pestbuda Avenir Roman||||||||&#8221; hover_enabled=&#8221;0&#8243; global_colors_info=&#8221;{}&#8221; sticky_enabled=&#8221;0&#8243;][\/et_pb_button][\/et_pb_column][\/et_pb_row][et_pb_row column_structure=&#8221;1_6,1_6,1_6,1_6,1_6,1_6&#8243; admin_label=&#8221;hi-sixbox-images&#8221; module_class=&#8221;hi-sixbox-images&#8221; _builder_version=&#8221;4.16&#8243; _module_preset=&#8221;default&#8221; background_color=&#8221;#ffffff&#8221; custom_margin=&#8221;60px||||false|false&#8221; custom_padding=&#8221;0px|20px|0px|20px|false|false&#8221; collapsed=&#8221;off&#8221; global_colors_info=&#8221;{}&#8221;][et_pb_column type=&#8221;1_6&#8243; _builder_version=&#8221;4.22.2&#8243; _module_preset=&#8221;default&#8221; global_colors_info=&#8221;{}&#8221;][et_pb_image src=&#8221;https:\/\/pestbudahotel.com\/wp-content\/uploads\/2024\/09\/6box-forbes.png&#8221; title_text=&#8221;Forbes&#8221; url_new_window=&#8221;on&#8221; admin_label=&#8221;Forbes&#8221; _builder_version=&#8221;4.16&#8243; _module_preset=&#8221;default&#8221; global_colors_info=&#8221;{}&#8221;][\/et_pb_image][\/et_pb_column][et_pb_column type=&#8221;1_6&#8243; _builder_version=&#8221;4.22.2&#8243; _module_preset=&#8221;default&#8221; global_colors_info=&#8221;{}&#8221;][et_pb_image src=&#8221;https:\/\/pestbudahotel.com\/wp-content\/uploads\/2024\/09\/6box-michelin-guide.png&#8221; title_text=&#8221;Michelin Guide&#8221; url_new_window=&#8221;on&#8221; admin_label=&#8221;Michelin&#8221; _builder_version=&#8221;4.16&#8243; _module_preset=&#8221;default&#8221; global_colors_info=&#8221;{}&#8221;][\/et_pb_image][\/et_pb_column][et_pb_column type=&#8221;1_6&#8243; _builder_version=&#8221;4.22.2&#8243; _module_preset=&#8221;default&#8221; global_colors_info=&#8221;{}&#8221;][et_pb_image src=&#8221;https:\/\/pestbudahotel.com\/wp-content\/uploads\/2024\/09\/6box-designboom.png&#8221; title_text=&#8221;Designboom&#8221; url_new_window=&#8221;on&#8221; admin_label=&#8221;Designboom&#8221; _builder_version=&#8221;4.16&#8243; _module_preset=&#8221;default&#8221; global_colors_info=&#8221;{}&#8221;][\/et_pb_image][\/et_pb_column][et_pb_column type=&#8221;1_6&#8243; _builder_version=&#8221;4.22.2&#8243; _module_preset=&#8221;default&#8221; global_colors_info=&#8221;{}&#8221;][et_pb_image src=&#8221;https:\/\/pestbudahotel.com\/wp-content\/uploads\/2024\/09\/6box-tripadvisor.png&#8221; title_text=&#8221;Travellers Choice &#8211; Tripadvisor&#8221; url_new_window=&#8221;on&#8221; admin_label=&#8221;Traveller&#8221; _builder_version=&#8221;4.16&#8243; _module_preset=&#8221;default&#8221; global_colors_info=&#8221;{}&#8221;][\/et_pb_image][\/et_pb_column][et_pb_column type=&#8221;1_6&#8243; _builder_version=&#8221;4.22.2&#8243; _module_preset=&#8221;default&#8221; global_colors_info=&#8221;{}&#8221;][et_pb_image src=&#8221;https:\/\/pestbudahotel.com\/wp-content\/uploads\/2024\/09\/6box-vogue.png&#8221; title_text=&#8221;Vogue&#8221; url_new_window=&#8221;on&#8221; admin_label=&#8221;Vogue&#8221; _builder_version=&#8221;4.16&#8243; _module_preset=&#8221;default&#8221; global_colors_info=&#8221;{}&#8221;][\/et_pb_image][\/et_pb_column][et_pb_column type=&#8221;1_6&#8243; _builder_version=&#8221;4.22.2&#8243; _module_preset=&#8221;default&#8221; global_colors_info=&#8221;{}&#8221;][et_pb_image src=&#8221;https:\/\/pestbudahotel.com\/wp-content\/uploads\/2024\/09\/6box-wallpaper.png&#8221; title_text=&#8221;Wallpaper&#8221; url_new_window=&#8221;on&#8221; admin_label=&#8221;Wallpaper&#8221; _builder_version=&#8221;4.16&#8243; _module_preset=&#8221;default&#8221; global_colors_info=&#8221;{}&#8221;][\/et_pb_image][\/et_pb_column][\/et_pb_row][et_pb_row column_structure=&#8221;1_4,1_4,1_4,1_4&#8243; module_class=&#8221;hi-socialicons&#8221; _builder_version=&#8221;4.16&#8243; _module_preset=&#8221;default&#8221; locked=&#8221;off&#8221; global_colors_info=&#8221;{}&#8221;][et_pb_column type=&#8221;1_4&#8243; _builder_version=&#8221;4.16&#8243; _module_preset=&#8221;default&#8221; global_colors_info=&#8221;{}&#8221;][et_pb_image src=&#8221;https:\/\/pestbudahotel.com\/wp-content\/uploads\/2024\/10\/Tripadvisor-Hotel.png&#8221; title_text=&#8221;Tripadvisor Hotel&#8221; url=&#8221;https:\/\/www.tripadvisor.co.hu\/Hotel_Review-s1-g274887-d4593900-Reviews-Baltazar_Budapest_Boutique_Hotel-Budapest_Central_Hungary.html&#8221; url_new_window=&#8221;on&#8221; admin_label=&#8221;Tripadvisor &#8211; Hotel&#8221; _builder_version=&#8221;4.16&#8243; _module_preset=&#8221;default&#8221; global_colors_info=&#8221;{}&#8221;][\/et_pb_image][\/et_pb_column][et_pb_column type=&#8221;1_4&#8243; _builder_version=&#8221;4.16&#8243; _module_preset=&#8221;default&#8221; global_colors_info=&#8221;{}&#8221;][et_pb_image src=&#8221;https:\/\/pestbudahotel.com\/wp-content\/uploads\/2024\/10\/Facebook.png&#8221; title_text=&#8221;Facebook&#8221; url=&#8221;https:\/\/www.facebook.com\/BaltazarBudapest\/&#8221; url_new_window=&#8221;on&#8221; admin_label=&#8221;Facebook&#8221; _builder_version=&#8221;4.16&#8243; _module_preset=&#8221;default&#8221; global_colors_info=&#8221;{}&#8221;][\/et_pb_image][\/et_pb_column][et_pb_column type=&#8221;1_4&#8243; _builder_version=&#8221;4.16&#8243; _module_preset=&#8221;default&#8221; global_colors_info=&#8221;{}&#8221;][et_pb_image src=&#8221;https:\/\/pestbudahotel.com\/wp-content\/uploads\/2024\/10\/Instagram.png&#8221; title_text=&#8221;Instagram&#8221; url=&#8221;https:\/\/www.instagram.com\/baltazar_budapest\/&#8221; url_new_window=&#8221;on&#8221; admin_label=&#8221;Instagram&#8221; _builder_version=&#8221;4.16&#8243; _module_preset=&#8221;default&#8221; global_colors_info=&#8221;{}&#8221;][\/et_pb_image][\/et_pb_column][et_pb_column type=&#8221;1_4&#8243; _builder_version=&#8221;4.16&#8243; _module_preset=&#8221;default&#8221; global_colors_info=&#8221;{}&#8221;][et_pb_image src=&#8221;https:\/\/pestbudahotel.com\/wp-content\/uploads\/2024\/10\/Tripadvisor-Bistro.png&#8221; title_text=&#8221;Tripadvisor Bistro&#8221; url=&#8221;https:\/\/www.tripadvisor.com\/Restaurant_Review-g274887-d4717560-Reviews-Baltazar_Grill_and_Wine_Bar-Budapest_Central_Hungary.html&#8221; url_new_window=&#8221;on&#8221; admin_label=&#8221;Tripadvisor &#8211; Bistro&#8221; _builder_version=&#8221;4.16&#8243; _module_preset=&#8221;default&#8221; global_colors_info=&#8221;{}&#8221;][\/et_pb_image][\/et_pb_column][\/et_pb_row][\/et_pb_section]<\/p>\n","protected":false},"excerpt":{"rendered":"<p>GALLERY GRANDMA&#8217;S HOME-STYLE HUNGARIAN KITCHEN, USING THE BEST INGREDIENTS, WITH LOVE AND CARE. PEST-BUDA IS ONE OF THE OLDEST RESTAURANTS IN HUNGARY. Pest-Buda Life Rooms Suites Dining Video Stay with us<\/p>\n","protected":false},"author":1,"featured_media":0,"parent":0,"menu_order":0,"comment_status":"closed","ping_status":"closed","template":"","meta":{"_acf_changed":false,"_et_pb_use_builder":"on","_et_pb_old_content":"","_et_gb_content_width":"","footnotes":""},"class_list":["post-2613","page","type-page","status-publish","hentry"],"acf":[],"_links":{"self":[{"href":"https:\/\/pestbudahotel.com\/hu\/wp-json\/wp\/v2\/pages\/2613","targetHints":{"allow":["GET"]}}],"collection":[{"href":"https:\/\/pestbudahotel.com\/hu\/wp-json\/wp\/v2\/pages"}],"about":[{"href":"https:\/\/pestbudahotel.com\/hu\/wp-json\/wp\/v2\/types\/page"}],"author":[{"embeddable":true,"href":"https:\/\/pestbudahotel.com\/hu\/wp-json\/wp\/v2\/users\/1"}],"replies":[{"embeddable":true,"href":"https:\/\/pestbudahotel.com\/hu\/wp-json\/wp\/v2\/comments?post=2613"}],"version-history":[{"count":3,"href":"https:\/\/pestbudahotel.com\/hu\/wp-json\/wp\/v2\/pages\/2613\/revisions"}],"predecessor-version":[{"id":2720,"href":"https:\/\/pestbudahotel.com\/hu\/wp-json\/wp\/v2\/pages\/2613\/revisions\/2720"}],"wp:attachment":[{"href":"https:\/\/pestbudahotel.com\/hu\/wp-json\/wp\/v2\/media?parent=2613"}],"curies":[{"name":"wp","href":"https:\/\/api.w.org\/{rel}","templated":true}]}}