{"id":2618,"date":"2023-10-27T12:14:33","date_gmt":"2023-10-27T10:14:33","guid":{"rendered":"https:\/\/pestbudahotel.com\/contact\/"},"modified":"2025-10-08T15:31:21","modified_gmt":"2025-10-08T13:31:21","slug":"kapcsolat","status":"publish","type":"page","link":"https:\/\/pestbudahotel.com\/hu\/kapcsolat\/","title":{"rendered":"Kapcsolat"},"content":{"rendered":"<p>[et_pb_section fb_built=&#8221;1&#8243; admin_label=&#8221;K\u00e9tcell\u00e1s &#8211; TOP&#8221; module_class=&#8221;hi-pictext&#8221; _builder_version=&#8221;4.16&#8243; _module_preset=&#8221;default&#8221; custom_padding=&#8221;0px|0px||0px|false|false&#8221; collapsed=&#8221;off&#8221; global_colors_info=&#8221;{}&#8221;][et_pb_row column_structure=&#8221;1_2,1_2&#8243; make_equal=&#8221;on&#8221; _builder_version=&#8221;4.16&#8243; _module_preset=&#8221;default&#8221; background_enable_image=&#8221;off&#8221; custom_margin=&#8221;0px|0px|0px|0px|false|false&#8221; custom_padding=&#8221;0px|0px|0px|0px|false|false&#8221; global_colors_info=&#8221;{}&#8221;][et_pb_column type=&#8221;1_2&#8243; _builder_version=&#8221;4.22.2&#8243; _module_preset=&#8221;default&#8221; global_colors_info=&#8221;{}&#8221;][et_pb_slider module_class=&#8221;hi-lapozo&#8221; _builder_version=&#8221;4.16&#8243; _module_preset=&#8221;default&#8221; hover_transition_duration=&#8221;0ms&#8221; hover_transition_speed_curve=&#8221;linear&#8221; saved_tabs=&#8221;all&#8221; global_colors_info=&#8221;{}&#8221;][et_pb_slide admin_title=&#8221;Map&#8221; _builder_version=&#8221;4.16&#8243; _module_preset=&#8221;default&#8221; background_color=&#8221;#fefefe&#8221; background_enable_color=&#8221;on&#8221; background_image=&#8221;https:\/\/pestbudahotel.com\/wp-content\/uploads\/2024\/09\/PB-071-CONTACT.png&#8221; background_enable_image=&#8221;on&#8221; global_colors_info=&#8221;{}&#8221; sticky_transition=&#8221;on&#8221;][\/et_pb_slide][\/et_pb_slider][\/et_pb_column][et_pb_column type=&#8221;1_2&#8243; _builder_version=&#8221;4.22.2&#8243; _module_preset=&#8221;default&#8221; global_colors_info=&#8221;{}&#8221;][et_pb_text module_class=&#8221;hi-maintext hi-strait-center hi-withbutton hi-p-bigger&#8221; _builder_version=&#8221;4.27.3&#8243; _module_preset=&#8221;default&#8221; text_font=&#8221;pestbuda Avenir Medium||||||||&#8221; text_text_color=&#8221;#361c1c&#8221; text_font_size=&#8221;24px&#8221; header_font=&#8221;GeometricSlabserif||||||||&#8221; header_2_font=&#8221;pestbuda Century725_PFL||||||||&#8221; header_2_text_color=&#8221;#b21917&#8243; header_2_font_size=&#8221;90px&#8221; header_3_font=&#8221;pestbuda Avenir Black|600|||||||&#8221; header_3_text_color=&#8221;#361c1c&#8221; header_3_font_size=&#8221;28px&#8221; background_enable_image=&#8221;off&#8221; custom_padding=&#8221;40px||||false|false&#8221; global_colors_info=&#8221;{}&#8221;]<\/p>\n<h2 style=\"text-align: center;\">PEST-BUDA<br \/>DESIGN HOTEL &amp; BISTRO<\/h2>\n<h3 style=\"text-align: center;\">BUDAPEST, FORTUNA UTCA 3. 1014<\/h3>\n<p style=\"text-align: center;\">VEND\u00c9GL\u0150 &amp; TERASZ <a class=\"hi-a-exception\" href=\"tel:003612250377\">+36 1 225 0377<\/a><br \/>HOTEL <a class=\"hi-a-exception\" href=\"tel:+3618009213\">+36 1 800 9213<\/a><\/p>\n<p style=\"text-align: center;\">E-MAIL: <a class=\"hi-a-exception\" href=\"mailto:hello@pest-buda.com\">HELLO@PEST-BUDA.COM<\/a><\/p>\n<p style=\"text-align: center;\">NYITVATART\u00c1SI ID\u0150:<br \/>H\u00c9TF\u0150 &#8211; VAS\u00c1RNAP<br \/>7:30 &#8211; 00:00<\/p>\n<h6 style=\"text-align: center;\"><a href=\"https:\/\/www.secure-hotel-booking.com\/zsidai-hotels\/J23L\/\">Szobafoglal\u00e1s<\/a><\/h6>\n<p>[\/et_pb_text][\/et_pb_column][\/et_pb_row][\/et_pb_section][et_pb_section fb_built=&#8221;1&#8243; admin_label=&#8221;TITLE for Form Block&#8221; _builder_version=&#8221;4.16&#8243; _module_preset=&#8221;default&#8221; collapsed=&#8221;off&#8221; global_colors_info=&#8221;{}&#8221;][et_pb_row _builder_version=&#8221;4.16&#8243; _module_preset=&#8221;default&#8221; global_colors_info=&#8221;{}&#8221;][et_pb_column type=&#8221;4_4&#8243; _builder_version=&#8221;4.16&#8243; _module_preset=&#8221;default&#8221; global_colors_info=&#8221;{}&#8221;][et_pb_text module_class=&#8221;hi-semimaintext hi-h3up&#8221; _builder_version=&#8221;4.27.3&#8243; _module_preset=&#8221;default&#8221; header_2_font=&#8221;pestbuda Century725_PFL||||||||&#8221; header_2_text_color=&#8221;#361c1c&#8221; header_2_font_size=&#8221;36px&#8221; header_3_font=&#8221;pestbuda Avenir Light||||||||&#8221; header_3_text_color=&#8221;#b21917&#8243; header_3_font_size=&#8221;30px&#8221; locked=&#8221;off&#8221; global_colors_info=&#8221;{}&#8221;]<\/p>\n<h2 style=\"text-align: center;\">Hogyan juthat el a Pest-Buda Hotelhez?<\/h2>\n<h3 style=\"text-align: center;\">Vegyen ig\u00e9nybe taxit a rept\u00e9r \u00e9rkez\u00e9si oldal\u00e1r\u00f3l, vagy sz\u00e1lljon fel a 100E buszra, amely a De\u00e1k Ferenc t\u00e9rre k\u00f6zlekedik. Innen sz\u00e1lljon \u00e1t a 16-os buszra, \u00e9s utazzon a B\u00e9csi kapu t\u00e9r meg\u00e1ll\u00f3ig. Szeretettel v\u00e1rjuk \u00d6nt!<\/h3>\n<p>[\/et_pb_text][\/et_pb_column][\/et_pb_row][\/et_pb_section][et_pb_section fb_built=&#8221;1&#8243; admin_label=&#8221;Text + FORM&#8221; module_class=&#8221;hi-text-form&#8221; _builder_version=&#8221;4.22.2&#8243; _module_preset=&#8221;default&#8221; collapsed=&#8221;off&#8221; global_colors_info=&#8221;{}&#8221;][et_pb_row admin_label=&#8221;TITLE &#8211; just on mobile!&#8221; module_class=&#8221;hi-text-form-title&#8221; _builder_version=&#8221;4.16&#8243; _module_preset=&#8221;default&#8221; global_colors_info=&#8221;{}&#8221;][et_pb_column type=&#8221;4_4&#8243; _builder_version=&#8221;4.22.2&#8243; _module_preset=&#8221;default&#8221; global_colors_info=&#8221;{}&#8221;][et_pb_text module_class=&#8221;hi-semimaintext hi-h3up&#8221; _builder_version=&#8221;4.27.3&#8243; _module_preset=&#8221;default&#8221; header_2_font=&#8221;pestbuda Century725_PFL||||||||&#8221; header_2_text_color=&#8221;#361c1c&#8221; global_colors_info=&#8221;{}&#8221;]<\/p>\n<h3 style=\"text-align: center;\">K\u00c9RD\u00c9SEK &amp; K\u00c9R\u00c9SEK<\/h3>\n<p>[\/et_pb_text][\/et_pb_column][\/et_pb_row][et_pb_row column_structure=&#8221;1_2,1_2&#8243; module_class=&#8221;hi-text-form-content&#8221; _builder_version=&#8221;4.22.2&#8243; _module_preset=&#8221;default&#8221; global_colors_info=&#8221;{}&#8221;][et_pb_column type=&#8221;1_2&#8243; _builder_version=&#8221;4.22.2&#8243; _module_preset=&#8221;default&#8221; global_colors_info=&#8221;{}&#8221;][et_pb_text module_class=&#8221;hi-text-form-text hi-semimaintext&#8221; _builder_version=&#8221;4.27.3&#8243; _module_preset=&#8221;default&#8221; header_2_font=&#8221;pestbuda Century725_PFL|||on|||||&#8221; header_2_text_color=&#8221;#361c1c&#8221; custom_padding=&#8221;|10px||20px|false|false&#8221; global_colors_info=&#8221;{}&#8221;]<\/p>\n<h2>K\u00c9RD\u00c9SEK &amp; K\u00c9R\u00c9SEK<\/h2>\n<p>A Pest-Buda Hotel elk\u00f6telezett amellett, hogy tart\u00f3zkod\u00e1s\u00e1t kiv\u00e9teless\u00e9 tegye. Ha k\u00e9rd\u00e9se van, k\u00fcl\u00f6nleges k\u00e9r\u00e9ssel fordulna hozz\u00e1nk, vagy seg\u00edts\u00e9gre van sz\u00fcks\u00e9ge, keressen minket bizalommal! Figyelmes csapatunk k\u00e9szs\u00e9ggel seg\u00edt mindenben, legyen sz\u00f3 \u00e9tkez\u00e9si aj\u00e1nl\u00e1sokr\u00f3l vagy szem\u00e9lyre szabott szobai ig\u00e9nyekr\u0151l. Az \u00d6n k\u00e9nyelme \u00e9s el\u00e9gedetts\u00e9ge a legfontosabb sz\u00e1munkra, \u00e9s alig v\u00e1rjuk, hogy felejthetetlen \u00e9lm\u00e9nyeket teremts\u00fcnk \u00d6nnek.<\/p>\n<p>[\/et_pb_text][\/et_pb_column][et_pb_column type=&#8221;1_2&#8243; _builder_version=&#8221;4.22.2&#8243; _module_preset=&#8221;default&#8221; global_colors_info=&#8221;{}&#8221;][et_pb_text module_class=&#8221;hi-text-form-form&#8221; _builder_version=&#8221;4.27.4&#8243; _module_preset=&#8221;default&#8221; hover_enabled=&#8221;0&#8243; global_colors_info=&#8221;{}&#8221; sticky_enabled=&#8221;0&#8243;]\n<div class=\"wpcf7 no-js\" id=\"wpcf7-f2823-o1\" lang=\"hu-HU\" dir=\"ltr\" data-wpcf7-id=\"2823\">\n<div class=\"screen-reader-response\"><p role=\"status\" aria-live=\"polite\" aria-atomic=\"true\"><\/p> <ul><\/ul><\/div>\n<form action=\"\/hu\/wp-json\/wp\/v2\/pages\/2618#wpcf7-f2823-o1\" method=\"post\" class=\"wpcf7-form init\" aria-label=\"Kapcsolatfelv\u00e9teli \u0171rlap\" novalidate=\"novalidate\" data-status=\"init\">\n<fieldset class=\"hidden-fields-container\"><input type=\"hidden\" name=\"_wpcf7\" value=\"2823\" \/><input type=\"hidden\" name=\"_wpcf7_version\" value=\"6.1.5\" \/><input type=\"hidden\" name=\"_wpcf7_locale\" value=\"hu_HU\" \/><input type=\"hidden\" name=\"_wpcf7_unit_tag\" value=\"wpcf7-f2823-o1\" \/><input type=\"hidden\" name=\"_wpcf7_container_post\" value=\"0\" \/><input type=\"hidden\" name=\"_wpcf7_posted_data_hash\" value=\"\" \/><input type=\"hidden\" name=\"_wpcf7_recaptcha_response\" value=\"\" \/>\n<\/fieldset>\n<div class=\"hi-form\">\n\t<div class=\"hi-form-row\">\n\t\t<p><label>N\u00e9v<span>*<\/span> <span class=\"wpcf7-form-control-wrap\" data-name=\"your-name\"><input size=\"40\" maxlength=\"400\" class=\"wpcf7-form-control wpcf7-text wpcf7-validates-as-required\" autocomplete=\"name\" aria-required=\"true\" aria-invalid=\"false\" value=\"\" type=\"text\" name=\"your-name\" \/><\/span><\/label>\n\t\t<\/p>\n\t<\/div>\n\t<div class=\"hi-form-row\">\n\t\t<div>\n\t\t\t<p><label>E-mail<span>*<\/span> <span class=\"wpcf7-form-control-wrap\" data-name=\"your-email\"><input size=\"40\" maxlength=\"400\" class=\"wpcf7-form-control wpcf7-email wpcf7-validates-as-required wpcf7-text wpcf7-validates-as-email\" autocomplete=\"email\" aria-required=\"true\" aria-invalid=\"false\" value=\"\" type=\"email\" name=\"your-email\" \/><\/span> <\/label>\n\t\t\t<\/p>\n\t\t<\/div>\n\t\t<div>\n\t\t\t<p><label>Telefon<span>*<\/span> <span class=\"wpcf7-form-control-wrap\" data-name=\"your-phone\"><input size=\"40\" maxlength=\"400\" class=\"wpcf7-form-control wpcf7-text wpcf7-validates-as-required\" autocomplete=\"phone\" aria-required=\"true\" aria-invalid=\"false\" value=\"\" type=\"text\" name=\"your-phone\" \/><\/span> <\/label>\n\t\t\t<\/p>\n\t\t<\/div>\n\t<\/div>\n\t<div class=\"hi-form-row\">\n\t\t<p><label>\u00dczenet<span class=\"wpcf7-form-control-wrap\" data-name=\"your-message\"><textarea cols=\"40\" rows=\"10\" maxlength=\"2000\" class=\"wpcf7-form-control wpcf7-textarea\" aria-invalid=\"false\" name=\"your-message\"><\/textarea><\/span> <\/label>\n\t\t<\/p>\n\t<\/div>\n\t<div class=\"hi-form-row hi-form-row-submit\">\n\t\t<p><button class=\"wpcf7-form-control wpcf7-submit has-spinner et_pb_button et_pb_bg_layout_light\" type=\"submit\" value=\"K\u00fcld\u00e9s\">K\u00fcld\u00e9s<\/button>\n\t\t<\/p>\n\t<\/div>\n<\/div><div class=\"wpcf7-response-output\" aria-hidden=\"true\"><\/div>\n<\/form>\n<\/div>\n[\/et_pb_text][\/et_pb_column][\/et_pb_row][\/et_pb_section][et_pb_section fb_built=&#8221;1&#8243; admin_label=&#8221;Sz\u00f6veg \u00e9s l\u00e9ghaj\u00f3s k\u00e9p&#8221; module_class=&#8221;hi-pestbudabg hi-leghajos&#8221; _builder_version=&#8221;4.16&#8243; _module_preset=&#8221;default&#8221; collapsed=&#8221;off&#8221; global_colors_info=&#8221;{}&#8221;][et_pb_row column_structure=&#8221;1_2,1_2&#8243; module_class=&#8221;hi-back-anno&#8221; _builder_version=&#8221;4.16&#8243; _module_preset=&#8221;default&#8221; background_enable_image=&#8221;off&#8221; global_colors_info=&#8221;{}&#8221;][et_pb_column type=&#8221;1_2&#8243; _builder_version=&#8221;4.16&#8243; _module_preset=&#8221;default&#8221; global_colors_info=&#8221;{}&#8221;][et_pb_text module_class=&#8221;hi-semimaintext&#8221; _builder_version=&#8221;4.27.3&#8243; _module_preset=&#8221;default&#8221; text_font=&#8221;pestbuda Century725_PFL||||||||&#8221; text_text_color=&#8221;#361c1c&#8221; text_font_size=&#8221;40px&#8221; text_line_height=&#8221;1.1em&#8221; header_2_text_color=&#8221;#b21917&#8243; custom_margin=&#8221;||||false|false&#8221; global_colors_info=&#8221;{}&#8221;]<\/p>\n<p>&nbsp;<\/p>\n<h2 style=\"text-align: center;\">Szeretettel v\u00e1rjuk reggelire, eb\u00e9dre \u00e9s vacsor\u00e1ra a Pest-Buda Vend\u00e9gl\u0151ben!<\/h2>\n<p>[\/et_pb_text][\/et_pb_column][et_pb_column type=&#8221;1_2&#8243; _builder_version=&#8221;4.16&#8243; _module_preset=&#8221;default&#8221; global_colors_info=&#8221;{}&#8221;][et_pb_image src=&#8221;https:\/\/pestbudahotel.com\/wp-content\/uploads\/2024\/08\/airship.png&#8221; title_text=&#8221;Pest-Buda&#8221; module_class=&#8221;hi-justonepic&#8221; _builder_version=&#8221;4.16&#8243; _module_preset=&#8221;default&#8221; global_colors_info=&#8221;{}&#8221;][\/et_pb_image][\/et_pb_column][\/et_pb_row][\/et_pb_section][et_pb_section fb_built=&#8221;1&#8243; admin_label=&#8221;STAY WITH US&#8221; module_class=&#8221;hi-sixbox hi-staywithus&#8221; _builder_version=&#8221;4.16&#8243; _module_preset=&#8221;default&#8221; background_image=&#8221;https:\/\/pestbudahotel.com\/wp-content\/uploads\/2024\/09\/background-chainbridge-anno-1.png&#8221; background_position=&#8221;top_center&#8221; saved_tabs=&#8221;all&#8221; locked=&#8221;off&#8221; collapsed=&#8221;off&#8221; global_colors_info=&#8221;{}&#8221;][et_pb_row admin_label=&#8221;hi-sixboxtop&#8221; module_class=&#8221;hi-sixboxtop&#8221; _builder_version=&#8221;4.22.2&#8243; _module_preset=&#8221;default&#8221; collapsed=&#8221;off&#8221; global_colors_info=&#8221;{}&#8221;][et_pb_column type=&#8221;4_4&#8243; _builder_version=&#8221;4.22.2&#8243; _module_preset=&#8221;default&#8221; global_colors_info=&#8221;{}&#8221;][et_pb_text admin_label=&#8221;Title&#8221; module_class=&#8221;hi-sixbox-title&#8221; _builder_version=&#8221;4.27.3&#8243; _module_preset=&#8221;default&#8221; text_font=&#8221;||||||||&#8221; header_2_font=&#8221;pestbuda Century725_PFL|||on|||||&#8221; header_2_text_color=&#8221;#b21917&#8243; header_2_font_size=&#8221;80px&#8221; global_colors_info=&#8221;{}&#8221;]<\/p>\n<h2>MARADJON VEL\u00dcNK<\/h2>\n<p>[\/et_pb_text][et_pb_button button_url=&#8221;\/news\/&#8221; button_text=&#8221;H\u00edrek&#8221; admin_label=&#8221;Button&#8221; module_class=&#8221;hi-button hi-news-button&#8221; _builder_version=&#8221;4.27.3&#8243; _module_preset=&#8221;default&#8221; custom_button=&#8221;on&#8221; button_font=&#8221;pestbuda Avenir Roman||||||||&#8221; global_colors_info=&#8221;{}&#8221;][\/et_pb_button][\/et_pb_column][\/et_pb_row][et_pb_row column_structure=&#8221;1_6,1_6,1_6,1_6,1_6,1_6&#8243; admin_label=&#8221;hi-sixbox-images&#8221; module_class=&#8221;hi-sixbox-images&#8221; _builder_version=&#8221;4.16&#8243; _module_preset=&#8221;default&#8221; background_color=&#8221;#ffffff&#8221; custom_margin=&#8221;60px||||false|false&#8221; custom_padding=&#8221;0px|20px|0px|20px|false|false&#8221; collapsed=&#8221;off&#8221; global_colors_info=&#8221;{}&#8221;][et_pb_column type=&#8221;1_6&#8243; _builder_version=&#8221;4.22.2&#8243; _module_preset=&#8221;default&#8221; global_colors_info=&#8221;{}&#8221;][et_pb_image src=&#8221;https:\/\/pestbudahotel.com\/wp-content\/uploads\/2024\/09\/6box-forbes.png&#8221; title_text=&#8221;Forbes&#8221; url_new_window=&#8221;on&#8221; admin_label=&#8221;Forbes&#8221; _builder_version=&#8221;4.16&#8243; _module_preset=&#8221;default&#8221; global_colors_info=&#8221;{}&#8221;][\/et_pb_image][\/et_pb_column][et_pb_column type=&#8221;1_6&#8243; _builder_version=&#8221;4.22.2&#8243; _module_preset=&#8221;default&#8221; global_colors_info=&#8221;{}&#8221;][et_pb_image src=&#8221;https:\/\/pestbudahotel.com\/wp-content\/uploads\/2024\/09\/6box-michelin-guide.png&#8221; title_text=&#8221;Michelin Guide&#8221; url_new_window=&#8221;on&#8221; admin_label=&#8221;Michelin&#8221; _builder_version=&#8221;4.16&#8243; _module_preset=&#8221;default&#8221; global_colors_info=&#8221;{}&#8221;][\/et_pb_image][\/et_pb_column][et_pb_column type=&#8221;1_6&#8243; _builder_version=&#8221;4.22.2&#8243; _module_preset=&#8221;default&#8221; global_colors_info=&#8221;{}&#8221;][et_pb_image src=&#8221;https:\/\/pestbudahotel.com\/wp-content\/uploads\/2024\/09\/6box-designboom.png&#8221; title_text=&#8221;Designboom&#8221; url_new_window=&#8221;on&#8221; admin_label=&#8221;Designboom&#8221; _builder_version=&#8221;4.16&#8243; _module_preset=&#8221;default&#8221; global_colors_info=&#8221;{}&#8221;][\/et_pb_image][\/et_pb_column][et_pb_column type=&#8221;1_6&#8243; _builder_version=&#8221;4.22.2&#8243; _module_preset=&#8221;default&#8221; global_colors_info=&#8221;{}&#8221;][et_pb_image src=&#8221;https:\/\/pestbudahotel.com\/wp-content\/uploads\/2024\/09\/6box-tripadvisor.png&#8221; title_text=&#8221;Travellers Choice &#8211; Tripadvisor&#8221; url_new_window=&#8221;on&#8221; admin_label=&#8221;Traveller&#8221; _builder_version=&#8221;4.16&#8243; _module_preset=&#8221;default&#8221; global_colors_info=&#8221;{}&#8221;][\/et_pb_image][\/et_pb_column][et_pb_column type=&#8221;1_6&#8243; _builder_version=&#8221;4.22.2&#8243; _module_preset=&#8221;default&#8221; global_colors_info=&#8221;{}&#8221;][et_pb_image src=&#8221;https:\/\/pestbudahotel.com\/wp-content\/uploads\/2024\/09\/6box-vogue.png&#8221; title_text=&#8221;Vogue&#8221; url_new_window=&#8221;on&#8221; admin_label=&#8221;Vogue&#8221; _builder_version=&#8221;4.16&#8243; _module_preset=&#8221;default&#8221; global_colors_info=&#8221;{}&#8221;][\/et_pb_image][\/et_pb_column][et_pb_column type=&#8221;1_6&#8243; _builder_version=&#8221;4.22.2&#8243; _module_preset=&#8221;default&#8221; global_colors_info=&#8221;{}&#8221;][et_pb_image src=&#8221;https:\/\/pestbudahotel.com\/wp-content\/uploads\/2024\/09\/6box-wallpaper.png&#8221; title_text=&#8221;Wallpaper&#8221; url_new_window=&#8221;on&#8221; admin_label=&#8221;Wallpaper&#8221; _builder_version=&#8221;4.16&#8243; _module_preset=&#8221;default&#8221; global_colors_info=&#8221;{}&#8221;][\/et_pb_image][\/et_pb_column][\/et_pb_row][et_pb_row column_structure=&#8221;1_4,1_4,1_4,1_4&#8243; module_class=&#8221;hi-socialicons&#8221; _builder_version=&#8221;4.16&#8243; _module_preset=&#8221;default&#8221; locked=&#8221;off&#8221; global_colors_info=&#8221;{}&#8221;][et_pb_column type=&#8221;1_4&#8243; _builder_version=&#8221;4.16&#8243; _module_preset=&#8221;default&#8221; global_colors_info=&#8221;{}&#8221;][et_pb_image src=&#8221;https:\/\/pestbudahotel.com\/wp-content\/uploads\/2024\/10\/Tripadvisor-Hotel.png&#8221; title_text=&#8221;Tripadvisor Hotel&#8221; url=&#8221;https:\/\/www.tripadvisor.co.hu\/Hotel_Review-s1-g274887-d4593900-Reviews-Baltazar_Budapest_Boutique_Hotel-Budapest_Central_Hungary.html&#8221; url_new_window=&#8221;on&#8221; admin_label=&#8221;Tripadvisor &#8211; Hotel&#8221; _builder_version=&#8221;4.16&#8243; _module_preset=&#8221;default&#8221; global_colors_info=&#8221;{}&#8221;][\/et_pb_image][\/et_pb_column][et_pb_column type=&#8221;1_4&#8243; _builder_version=&#8221;4.16&#8243; _module_preset=&#8221;default&#8221; global_colors_info=&#8221;{}&#8221;][et_pb_image src=&#8221;https:\/\/pestbudahotel.com\/wp-content\/uploads\/2024\/10\/Facebook.png&#8221; title_text=&#8221;Facebook&#8221; url=&#8221;https:\/\/www.facebook.com\/BaltazarBudapest\/&#8221; url_new_window=&#8221;on&#8221; admin_label=&#8221;Facebook&#8221; _builder_version=&#8221;4.16&#8243; _module_preset=&#8221;default&#8221; global_colors_info=&#8221;{}&#8221;][\/et_pb_image][\/et_pb_column][et_pb_column type=&#8221;1_4&#8243; _builder_version=&#8221;4.16&#8243; _module_preset=&#8221;default&#8221; global_colors_info=&#8221;{}&#8221;][et_pb_image src=&#8221;https:\/\/pestbudahotel.com\/wp-content\/uploads\/2024\/10\/Instagram.png&#8221; title_text=&#8221;Instagram&#8221; url=&#8221;https:\/\/www.instagram.com\/baltazar_budapest\/&#8221; url_new_window=&#8221;on&#8221; admin_label=&#8221;Instagram&#8221; _builder_version=&#8221;4.16&#8243; _module_preset=&#8221;default&#8221; global_colors_info=&#8221;{}&#8221;][\/et_pb_image][\/et_pb_column][et_pb_column type=&#8221;1_4&#8243; _builder_version=&#8221;4.16&#8243; _module_preset=&#8221;default&#8221; global_colors_info=&#8221;{}&#8221;][et_pb_image src=&#8221;https:\/\/pestbudahotel.com\/wp-content\/uploads\/2024\/10\/Tripadvisor-Bistro.png&#8221; title_text=&#8221;Tripadvisor Bistro&#8221; url=&#8221;https:\/\/www.tripadvisor.com\/Restaurant_Review-g274887-d4717560-Reviews-Baltazar_Grill_and_Wine_Bar-Budapest_Central_Hungary.html&#8221; url_new_window=&#8221;on&#8221; admin_label=&#8221;Tripadvisor &#8211; Bistro&#8221; _builder_version=&#8221;4.16&#8243; _module_preset=&#8221;default&#8221; global_colors_info=&#8221;{}&#8221;][\/et_pb_image][\/et_pb_column][\/et_pb_row][\/et_pb_section]<\/p>\n","protected":false},"excerpt":{"rendered":"<p>PEST-BUDADESIGN HOTEL &amp; BISTRO BUDAPEST, FORTUNA UTCA 3. 1014 VEND\u00c9GL\u0150 &amp; TERASZ +36 1 225 0377HOTEL +36 1 800 9213 E-MAIL: HELLO@PEST-BUDA.COM NYITVATART\u00c1SI ID\u0150:H\u00c9TF\u0150 &#8211; VAS\u00c1RNAP7:30 &#8211; 00:00 Szobafoglal\u00e1sHogyan juthat el a Pest-Buda Hotelhez? Vegyen ig\u00e9nybe taxit a rept\u00e9r \u00e9rkez\u00e9si oldal\u00e1r\u00f3l, vagy sz\u00e1lljon fel a 100E buszra, amely a De\u00e1k Ferenc t\u00e9rre k\u00f6zlekedik. Innen sz\u00e1lljon \u00e1t a 16-os buszra, \u00e9s utazzon a B\u00e9csi kapu t\u00e9r meg\u00e1ll\u00f3ig. Szeretettel v\u00e1rjuk \u00d6nt!K\u00c9RD\u00c9SEK &amp; K\u00c9R\u00c9SEKK\u00c9RD\u00c9SEK &amp; K\u00c9R\u00c9SEK A Pest-Buda Hotel elk\u00f6telezett amellett, hogy tart\u00f3zkod\u00e1s\u00e1t kiv\u00e9teless\u00e9 tegye. Ha k\u00e9rd\u00e9se van, k\u00fcl\u00f6nleges k\u00e9r\u00e9ssel fordulna hozz\u00e1nk, vagy seg\u00edts\u00e9gre van sz\u00fcks\u00e9ge, keressen minket bizalommal! Figyelmes csapatunk k\u00e9szs\u00e9ggel seg\u00edt mindenben, legyen sz\u00f3 \u00e9tkez\u00e9si aj\u00e1nl\u00e1sokr\u00f3l vagy szem\u00e9lyre szabott szobai ig\u00e9nyekr\u0151l. Az \u00d6n k\u00e9nyelme \u00e9s el\u00e9gedetts\u00e9ge a legfontosabb sz\u00e1munkra, \u00e9s alig v\u00e1rjuk, hogy felejthetetlen \u00e9lm\u00e9nyeket teremts\u00fcnk \u00d6nnek.\n<div class=\"wpcf7 no-js\" id=\"wpcf7-f2823-o2\" lang=\"hu-HU\" dir=\"ltr\" data-wpcf7-id=\"2823\">\n<div class=\"screen-reader-response\"><p role=\"status\" aria-live=\"polite\" aria-atomic=\"true\"><\/p> <ul><\/ul><\/div>\n<form action=\"\/hu\/wp-json\/wp\/v2\/pages\/2618#wpcf7-f2823-o2\" method=\"post\" class=\"wpcf7-form init\" aria-label=\"Kapcsolatfelv\u00e9teli \u0171rlap\" novalidate=\"novalidate\" data-status=\"init\">\n<fieldset class=\"hidden-fields-container\"><input type=\"hidden\" name=\"_wpcf7\" value=\"2823\" \/><input type=\"hidden\" name=\"_wpcf7_version\" value=\"6.1.5\" \/><input type=\"hidden\" name=\"_wpcf7_locale\" value=\"hu_HU\" \/><input type=\"hidden\" name=\"_wpcf7_unit_tag\" value=\"wpcf7-f2823-o2\" \/><input type=\"hidden\" name=\"_wpcf7_container_post\" value=\"0\" \/><input type=\"hidden\" name=\"_wpcf7_posted_data_hash\" value=\"\" \/><input type=\"hidden\" name=\"_wpcf7_recaptcha_response\" value=\"\" \/>\n<\/fieldset>\n<div class=\"hi-form\">\n\t<div class=\"hi-form-row\">\n\t\t<p><label>N\u00e9v<span>*<\/span> <span class=\"wpcf7-form-control-wrap\" data-name=\"your-name\"><input size=\"40\" maxlength=\"400\" class=\"wpcf7-form-control wpcf7-text wpcf7-validates-as-required\" autocomplete=\"name\" aria-required=\"true\" aria-invalid=\"false\" value=\"\" type=\"text\" name=\"your-name\" \/><\/span><\/label>\n\t\t<\/p>\n\t<\/div>\n\t<div class=\"hi-form-row\">\n\t\t<div>\n\t\t\t<p><label>E-mail<span>*<\/span> <span class=\"wpcf7-form-control-wrap\" data-name=\"your-email\"><input size=\"40\" maxlength=\"400\" class=\"wpcf7-form-control wpcf7-email wpcf7-validates-as-required wpcf7-text wpcf7-validates-as-email\" autocomplete=\"email\" aria-required=\"true\" aria-invalid=\"false\" value=\"\" type=\"email\" name=\"your-email\" \/><\/span> <\/label>\n\t\t\t<\/p>\n\t\t<\/div>\n\t\t<div>\n\t\t\t<p><label>Telefon<span>*<\/span> <span class=\"wpcf7-form-control-wrap\" data-name=\"your-phone\"><input size=\"40\" maxlength=\"400\" class=\"wpcf7-form-control wpcf7-text wpcf7-validates-as-required\" autocomplete=\"phone\" aria-required=\"true\" aria-invalid=\"false\" value=\"\" type=\"text\" name=\"your-phone\" \/><\/span> <\/label>\n\t\t\t<\/p>\n\t\t<\/div>\n\t<\/div>\n\t<div class=\"hi-form-row\">\n\t\t<p><label>\u00dczenet<span class=\"wpcf7-form-control-wrap\" data-name=\"your-message\"><textarea cols=\"40\" rows=\"10\" maxlength=\"2000\" class=\"wpcf7-form-control wpcf7-textarea\" aria-invalid=\"false\" name=\"your-message\"><\/textarea><\/span> <\/label>\n\t\t<\/p>\n\t<\/div>\n\t<div class=\"hi-form-row hi-form-row-submit\">\n\t\t<p><button class=\"wpcf7-form-control wpcf7-submit has-spinner et_pb_button et_pb_bg_layout_light\" type=\"submit\" value=\"K\u00fcld\u00e9s\">K\u00fcld\u00e9s<\/button>\n\t\t<\/p>\n\t<\/div>\n<\/div><div class=\"wpcf7-response-output\" aria-hidden=\"true\"><\/div>\n<\/form>\n<\/div>\n&nbsp; Szeretettel v\u00e1rjuk reggelire, eb\u00e9dre \u00e9s vacsor\u00e1ra a Pest-Buda Vend\u00e9gl\u0151ben!MARADJON VEL\u00dcNK<\/p>\n","protected":false},"author":1,"featured_media":0,"parent":0,"menu_order":0,"comment_status":"closed","ping_status":"closed","template":"","meta":{"_acf_changed":false,"_et_pb_use_builder":"on","_et_pb_old_content":"","_et_gb_content_width":"","footnotes":""},"class_list":["post-2618","page","type-page","status-publish","hentry"],"acf":[],"_links":{"self":[{"href":"https:\/\/pestbudahotel.com\/hu\/wp-json\/wp\/v2\/pages\/2618","targetHints":{"allow":["GET"]}}],"collection":[{"href":"https:\/\/pestbudahotel.com\/hu\/wp-json\/wp\/v2\/pages"}],"about":[{"href":"https:\/\/pestbudahotel.com\/hu\/wp-json\/wp\/v2\/types\/page"}],"author":[{"embeddable":true,"href":"https:\/\/pestbudahotel.com\/hu\/wp-json\/wp\/v2\/users\/1"}],"replies":[{"embeddable":true,"href":"https:\/\/pestbudahotel.com\/hu\/wp-json\/wp\/v2\/comments?post=2618"}],"version-history":[{"count":6,"href":"https:\/\/pestbudahotel.com\/hu\/wp-json\/wp\/v2\/pages\/2618\/revisions"}],"predecessor-version":[{"id":2824,"href":"https:\/\/pestbudahotel.com\/hu\/wp-json\/wp\/v2\/pages\/2618\/revisions\/2824"}],"wp:attachment":[{"href":"https:\/\/pestbudahotel.com\/hu\/wp-json\/wp\/v2\/media?parent=2618"}],"curies":[{"name":"wp","href":"https:\/\/api.w.org\/{rel}","templated":true}]}}